{"id":1444,"date":"2021-08-05T14:56:45","date_gmt":"2021-08-05T12:56:45","guid":{"rendered":"https:\/\/dirfinex.es\/home"},"modified":"2023-09-21T16:25:06","modified_gmt":"2023-09-21T14:25:06","slug":"home","status":"publish","type":"page","link":"https:\/\/dirfinex.es\/en","title":{"rendered":"Home"},"content":{"rendered":"<div class=\"wpb-content-wrapper\"><p>[vc_section full_width=&#8221;stretch_row&#8221; full_height=&#8221;yes&#8221; content_placement=&#8221;middle&#8221; css=&#8221;.vc_custom_1687962691454{padding-top: 100px !important;background-image: url(https:\/\/dirfinex.es\/wp-content\/uploads\/2023\/06\/dirfineX-hero-bg.jpg?id=1106) !important;background-position: center !important;background-repeat: no-repeat !important;background-size: cover !important;}&#8221;][vc_row][vc_column offset=&#8221;vc_col-lg-8 vc_col-md-10 vc_col-xs-12&#8243;][vc_column_text]<\/p>\n<h1 class=\"blanco\">Consulting and<br \/>\nStrategic Financing<\/h1>\n<p>[\/vc_column_text][vc_column_text css=&#8221;.vc_custom_1687444718210{margin-top: 10px !important;}&#8221;]<\/p>\n<p class=\"blanco\">At Dirfinex we offer you personalized advice for your business in financial and strategic matters.<\/p>\n<p>[\/vc_column_text][vc_btn title=&#8221;REQUEST PERSONALIZED ADVICE&#8221; style=&#8221;outline-custom&#8221; outline_custom_color=&#8221;#ffffff&#8221; outline_custom_hover_background=&#8221;#ffffff&#8221; outline_custom_hover_text=&#8221;#06aff2&#8243; shape=&#8221;round&#8221; link=&#8221;url:https%3A%2F%2Fdirfinex.es%2Fen%2Fcontact|&#8221; css=&#8221;.vc_custom_1687520645014{margin-top: 45px !important;}&#8221;][\/vc_column][vc_column width=&#8221;1\/3&#8243; offset=&#8221;vc_hidden-sm vc_hidden-xs&#8221;][\/vc_column][\/vc_row][\/vc_section][vc_section][vc_row][vc_column width=&#8221;5\/6&#8243;][vc_column_text]<\/p>\n<h2>Strategic solutions for your business<\/h2>\n<p>[\/vc_column_text][vc_row_inner][vc_column_inner width=&#8221;2\/3&#8243;][vc_column_text css=&#8221;.vc_custom_1687444883750{margin-top: 25px !important;}&#8221;]At Dirfinex we offer you a personalized consulting and advisory service to improve the development of your business activity.[\/vc_column_text][\/vc_column_inner][vc_column_inner width=&#8221;1\/3&#8243;][\/vc_column_inner][\/vc_row_inner][\/vc_column][vc_column width=&#8221;1\/6&#8243;][\/vc_column][\/vc_row][vc_row gap=&#8221;35&#8243; equal_height=&#8221;yes&#8221; css=&#8221;.vc_custom_1687445826404{margin-top: 70px !important;}&#8221; el_class=&#8221;row-soluciones&#8221;][vc_column width=&#8221;1\/2&#8243; css=&#8221;.vc_custom_1695030131341{background-image: url(https:\/\/dirfinex.es\/wp-content\/uploads\/2023\/06\/consultoria-destacada.jpg?id=1132) !important;background-position: center !important;background-repeat: no-repeat !important;background-size: cover !important;}&#8221; el_class=&#8221;borde-izq-oscuro&#8221;][vc_column_text]<\/p>\n<h3 class=\"blanco\">Consulting and Business Plans<\/h3>\n<p>[\/vc_column_text][vc_column_text css=&#8221;.vc_custom_1687515483942{margin-top: 20px !important;}&#8221;]<\/p>\n<p class=\"blanco\">Effective business strategies, financial analysis and business plans to drive your business success<\/p>\n<p>[\/vc_column_text][vc_btn title=&#8221;See more&#8221; style=&#8221;outline-custom&#8221; outline_custom_color=&#8221;#ffffff&#8221; outline_custom_hover_background=&#8221;#ffffff&#8221; outline_custom_hover_text=&#8221;#06aff2&#8243; shape=&#8221;round&#8221; align=&#8221;left&#8221; link=&#8221;url:https%3A%2F%2Fdirfinex.es%2Fen%2Fconsulting-and-business-plans|title:Consulting%20and%20business%20plans|&#8221; css=&#8221;.vc_custom_1695029877980{margin-top: 45px !important;}&#8221;][\/vc_column][vc_column width=&#8221;1\/2&#8243; css=&#8221;.vc_custom_1695030135375{background-image: url(https:\/\/dirfinex.es\/wp-content\/uploads\/2023\/06\/Soluciones-de-financiacion-destacada.jpg?id=1131) !important;background-position: center !important;background-repeat: no-repeat !important;background-size: cover !important;}&#8221; el_class=&#8221;borde-dcha-claro&#8221;][vc_column_text]<\/p>\n<h3 class=\"blanco\">Financing Solutions<\/h3>\n<p>[\/vc_column_text][vc_column_text css=&#8221;.vc_custom_1687515410310{margin-top: 20px !important;}&#8221;]<\/p>\n<p class=\"blanco\">Solutions tailored to your current business to boost your company&#8217;s growth, liquidity and solvency<\/p>\n<p>[\/vc_column_text][vc_btn title=&#8221;See more&#8221; style=&#8221;outline-custom&#8221; outline_custom_color=&#8221;#ffffff&#8221; outline_custom_hover_background=&#8221;#ffffff&#8221; outline_custom_hover_text=&#8221;#06aff2&#8243; shape=&#8221;round&#8221; align=&#8221;left&#8221; link=&#8221;url:https%3A%2F%2Fdirfinex.es%2Fen%2Ffinancing-solutions|title:Consulting%20and%20business%20plans|&#8221; css=&#8221;.vc_custom_1695029754573{margin-top: 45px !important;}&#8221;][\/vc_column][\/vc_row][vc_row gap=&#8221;35&#8243; equal_height=&#8221;yes&#8221; css=&#8221;.vc_custom_1687445826404{margin-top: 70px !important;}&#8221; el_class=&#8221;row-soluciones&#8221;][vc_column width=&#8221;1\/2&#8243; css=&#8221;.vc_custom_1689888171960{background-image: url(https:\/\/dirfinex.es\/wp-content\/uploads\/2023\/07\/transacciones-corporativas-portada-imagen.jpg?id=1340) !important;background-position: center !important;background-repeat: no-repeat !important;background-size: cover !important;}&#8221; el_class=&#8221;borde-izq-claro&#8221;][vc_column_text]<\/p>\n<h3 class=\"blanco\">Corporate Transactions<\/h3>\n<p>[\/vc_column_text][vc_column_text css=&#8221;.vc_custom_1687509613172{margin-top: 20px !important;}&#8221;]<\/p>\n<p class=\"blanco\">Strategic expertise and specialized analysis to maximize opportunities and successful outcomes in corporate mergers and acquisitions<\/p>\n<p>[\/vc_column_text][vc_btn title=&#8221;See more&#8221; style=&#8221;outline-custom&#8221; outline_custom_color=&#8221;#ffffff&#8221; outline_custom_hover_background=&#8221;#ffffff&#8221; outline_custom_hover_text=&#8221;#06aff2&#8243; shape=&#8221;round&#8221; align=&#8221;left&#8221; link=&#8221;url:https%3A%2F%2Fdirfinex.es%2Fen%2Fcorporate-transactions|title:Consulting%20and%20business%20plans|&#8221; css=&#8221;.vc_custom_1695029769675{margin-top: 45px !important;}&#8221;][\/vc_column][vc_column width=&#8221;1\/2&#8243; css=&#8221;.vc_custom_1689888156335{background-image: url(https:\/\/dirfinex.es\/wp-content\/uploads\/2023\/07\/reestructuracion-financiera-portada-imagen.jpg?id=1339) !important;background-position: center !important;background-repeat: no-repeat !important;background-size: cover !important;}&#8221; el_class=&#8221;borde-dcha-oscuro&#8221;][vc_column_text]<\/p>\n<h3 class=\"blanco\">Financial Restructuring<\/h3>\n<p>[\/vc_column_text][vc_column_text css=&#8221;.vc_custom_1687509713908{margin-top: 20px !important;}&#8221;]<\/p>\n<p class=\"blanco\">Planning and organization of key strategic moves for business refinancing and debt restructuring<\/p>\n<p>[\/vc_column_text][vc_btn title=&#8221;See more&#8221; style=&#8221;outline-custom&#8221; outline_custom_color=&#8221;#ffffff&#8221; outline_custom_hover_background=&#8221;#ffffff&#8221; outline_custom_hover_text=&#8221;#06aff2&#8243; shape=&#8221;round&#8221; align=&#8221;left&#8221; link=&#8221;url:https%3A%2F%2Fdirfinex.es%2Fen%2Ffinancial-restructuring|title:Consulting%20and%20business%20plans|&#8221; css=&#8221;.vc_custom_1695029781405{margin-top: 45px !important;}&#8221;][\/vc_column][\/vc_row][vc_row css=&#8221;.vc_custom_1687509750078{margin-top: 80px !important;}&#8221;][vc_column][vc_btn title=&#8221;Discover our services&#8221; style=&#8221;outline-custom&#8221; outline_custom_color=&#8221;#06aff2&#8243; outline_custom_hover_background=&#8221;#06aff2&#8243; outline_custom_hover_text=&#8221;#ffffff&#8221; shape=&#8221;round&#8221; align=&#8221;center&#8221; link=&#8221;url:https%3A%2F%2Fdirfinex.es%2Fen%2Fcontact|&#8221; css=&#8221;.vc_custom_1687520654827{margin-top: 45px !important;}&#8221;][\/vc_column][\/vc_row][\/vc_section][vc_section full_width=&#8221;stretch_row&#8221; css=&#8221;.vc_custom_1687511296422{margin-top: 90px !important;padding-top: 90px !important;padding-bottom: 90px !important;background-image: url(https:\/\/dirfinex.es\/wp-content\/uploads\/2023\/06\/cta-bg.jpg?id=1167) !important;background-position: center !important;background-repeat: no-repeat !important;background-size: cover !important;}&#8221;][vc_row][vc_column width=&#8221;1\/6&#8243;][\/vc_column][vc_column width=&#8221;2\/3&#8243;][vc_column_text]<\/p>\n<h2 class=\"texto-centro blanco\">Independence, specialization,<br \/>\ncloseness and commitment<\/h2>\n<p>[\/vc_column_text][vc_column_text css=&#8221;.vc_custom_1687515468122{margin-top: 40px !important;}&#8221;]<\/p>\n<p class=\"blanco texto-centro\">Dirfinex accompanies its Clients in all the processes necessary for the materialization of their business objectives: Analysis, Validation, Financing Design, Identification of Value Opportunities and Negotiation.<\/p>\n<p>[\/vc_column_text][vc_btn title=&#8221;Count on us to help you grow your business&#8221; style=&#8221;outline-custom&#8221; outline_custom_color=&#8221;#ffffff&#8221; outline_custom_hover_background=&#8221;#ffffff&#8221; outline_custom_hover_text=&#8221;#06aff2&#8243; shape=&#8221;round&#8221; align=&#8221;center&#8221; link=&#8221;url:https%3A%2F%2Fdirfinex.es%2Fen%2Fcontact|&#8221; css=&#8221;.vc_custom_1687520663817{margin-top: 55px !important;}&#8221;][\/vc_column][vc_column width=&#8221;1\/6&#8243;][\/vc_column][\/vc_row][\/vc_section][vc_section full_width=&#8221;stretch_row&#8221; css=&#8221;.vc_custom_1687511527046{padding-top: 90px !important;padding-bottom: 90px !important;background-image: url(https:\/\/dirfinex.es\/wp-content\/uploads\/2023\/06\/expe-bg.jpg?id=1172) !important;background-position: center !important;background-repeat: no-repeat !important;background-size: cover !important;}&#8221;][vc_row][vc_column][vc_column_text]<\/p>\n<h2 class=\"texto-centro\">Proven experience<\/h2>\n<p>[\/vc_column_text][vc_column_text css=&#8221;.vc_custom_1689860480877{margin-top: 40px !important;}&#8221;]<\/p>\n<p class=\" texto-centro\">Our specialized consulting service provides highly effective business strategies, financial analysis and business plans to enhance the success of your company.<\/p>\n<p>[\/vc_column_text][\/vc_column][\/vc_row][vc_row gap=&#8221;30&#8243; css=&#8221;.vc_custom_1687512732513{margin-top: 50px !important;}&#8221; el_class=&#8221;expe-row&#8221;][vc_column width=&#8221;1\/4&#8243;][vc_column_text]<\/p>\n<p class=\"numero texto-centro\">+25<\/p>\n<p>[\/vc_column_text][vc_column_text css=&#8221;.vc_custom_1687512321573{margin-top: 10px !important;}&#8221;]<\/p>\n<p class=\"texto-centro\">years of experience in the sector<\/p>\n<p>[\/vc_column_text][\/vc_column][vc_column width=&#8221;1\/4&#8243;][vc_column_text]<\/p>\n<p class=\"numero texto-centro\">+150<\/p>\n<p>[\/vc_column_text][vc_column_text css=&#8221;.vc_custom_1688383242464{margin-top: 10px !important;}&#8221;]<\/p>\n<p class=\"texto-centro\">financing projects<\/p>\n<p>[\/vc_column_text][\/vc_column][vc_column width=&#8221;1\/4&#8243;][vc_column_text]<\/p>\n<p class=\"numero texto-centro\">+200m \u20ac<\/p>\n<p>[\/vc_column_text][vc_column_text css=&#8221;.vc_custom_1687512327366{margin-top: 10px !important;}&#8221;]<\/p>\n<p class=\"texto-centro\">of euros of financing obtained<\/p>\n<p>[\/vc_column_text][\/vc_column][vc_column width=&#8221;1\/4&#8243;][vc_column_text]<\/p>\n<p class=\"numero texto-centro\">+10%<\/p>\n<p>[\/vc_column_text][vc_column_text css=&#8221;.vc_custom_1688383265486{margin-top: 10px !important;}&#8221;]<\/p>\n<p class=\"texto-centro\">growth of the activity<\/p>\n<p>[\/vc_column_text][\/vc_column][\/vc_row][vc_row css=&#8221;.vc_custom_1687512197792{margin-top: 120px !important;}&#8221;][vc_column][vc_column_text]<\/p>\n<h2 class=\"texto-centro blanco\">Let&#8217;s start working together<\/h2>\n<p>[\/vc_column_text][vc_column_text css=&#8221;.vc_custom_1687512239894{margin-top: 40px !important;}&#8221;]<\/p>\n<p class=\"texto-centro blanco\">Contact us so we can start growing your business together.<\/p>\n<p>[\/vc_column_text][vc_btn title=&#8221;Tell us about your case&#8221; style=&#8221;outline-custom&#8221; outline_custom_color=&#8221;#ffffff&#8221; outline_custom_hover_background=&#8221;#ffffff&#8221; outline_custom_hover_text=&#8221;#06aff2&#8243; shape=&#8221;round&#8221; align=&#8221;center&#8221; link=&#8221;url:https%3A%2F%2Fdirfinex.es%2Fen%2Fcontact|&#8221; css=&#8221;.vc_custom_1687520670315{margin-top: 55px !important;}&#8221;][\/vc_column][\/vc_row][\/vc_section]<\/p>\n<\/div>","protected":false},"excerpt":{"rendered":"<p>[vc_section full_width=&#8221;stretch_row&#8221; full_height=&#8221;yes&#8221; content_placement=&#8221;middle&#8221; css=&#8221;.vc_custom_1687962691454{padding-top: 100px !important;background-image: url(https:\/\/dirfinex.es\/wp-content\/uploads\/2023\/06\/dirfineX-hero-bg.jpg?id=1106) !important;background-position: center !important;background-repeat: no-repeat !important;background-size: cover !important;}&#8221;][vc_row][vc_column offset=&#8221;vc_col-lg-8 vc_col-md-10 vc_col-xs-12&#8243;][vc_column_text] Consulting and Strategic Financing [\/vc_column_text][vc_column_text css=&#8221;.vc_custom_1687444718210{margin-top: 10px !important;}&#8221;] At Dirfinex we offer you personalized advice for your business in financial and strategic matters. [\/vc_column_text][vc_btn title=&#8221;REQUEST PERSONALIZED ADVICE&#8221; style=&#8221;outline-custom&#8221; outline_custom_color=&#8221;#ffffff&#8221; outline_custom_hover_background=&#8221;#ffffff&#8221; outline_custom_hover_text=&#8221;#06aff2&#8243; shape=&#8221;round&#8221; link=&#8221;url:https%3A%2F%2Fdirfinex.es%2Fen%2Fcontact|&#8221; css=&#8221;.vc_custom_1687520645014{margin-top: 45px !important;}&#8221;][\/vc_column][vc_column width=&#8221;1\/3&#8243;&#8230;<\/p>\n","protected":false},"author":5,"featured_media":0,"parent":0,"menu_order":0,"comment_status":"closed","ping_status":"closed","template":"","meta":{"_kad_post_transparent":"default","_kad_post_title":"hide","_kad_post_layout":"default","_kad_post_sidebar_id":"","_kad_post_content_style":"default","_kad_post_vertical_padding":"default","_kad_post_feature":"","_kad_post_feature_position":"","_kad_post_header":false,"_kad_post_footer":false,"_kad_post_classname":"","footnotes":""},"class_list":["post-1444","page","type-page","status-publish","hentry"],"yoast_head":"<!-- This site is optimized with the Yoast SEO plugin v27.3 - https:\/\/yoast.com\/product\/yoast-seo-wordpress\/ -->\n<title>Home - Dirfinex<\/title>\n<meta name=\"robots\" content=\"index, follow, max-snippet:-1, max-image-preview:large, max-video-preview:-1\" \/>\n<link rel=\"canonical\" href=\"https:\/\/dirfinex.es\/en\" \/>\n<meta property=\"og:locale\" content=\"en_US\" \/>\n<meta property=\"og:type\" content=\"article\" \/>\n<meta property=\"og:title\" content=\"Home - Dirfinex\" \/>\n<meta property=\"og:description\" content=\"[vc_section full_width=&#8221;stretch_row&#8221; full_height=&#8221;yes&#8221; content_placement=&#8221;middle&#8221; css=&#8221;.vc_custom_1687962691454{padding-top: 100px !important;background-image: url(https:\/\/dirfinex.es\/wp-content\/uploads\/2023\/06\/dirfineX-hero-bg.jpg?id=1106) !important;background-position: center !important;background-repeat: no-repeat !important;background-size: cover !important;}&#8221;][vc_row][vc_column offset=&#8221;vc_col-lg-8 vc_col-md-10 vc_col-xs-12&#8243;][vc_column_text] Consulting and Strategic Financing [\/vc_column_text][vc_column_text css=&#8221;.vc_custom_1687444718210{margin-top: 10px !important;}&#8221;] At Dirfinex we offer you personalized advice for your business in financial and strategic matters. [\/vc_column_text][vc_btn title=&#8221;REQUEST PERSONALIZED ADVICE&#8221; style=&#8221;outline-custom&#8221; outline_custom_color=&#8221;#ffffff&#8221; outline_custom_hover_background=&#8221;#ffffff&#8221; outline_custom_hover_text=&#8221;#06aff2&#8243; shape=&#8221;round&#8221; link=&#8221;url:https%3A%2F%2Fdirfinex.es%2Fen%2Fcontact|&#8221; css=&#8221;.vc_custom_1687520645014{margin-top: 45px !important;}&#8221;][\/vc_column][vc_column width=&#8221;1\/3&#8243;...\" \/>\n<meta property=\"og:url\" content=\"https:\/\/dirfinex.es\/en\" \/>\n<meta property=\"og:site_name\" content=\"Dirfinex\" \/>\n<meta property=\"article:modified_time\" content=\"2023-09-21T14:25:06+00:00\" \/>\n<meta name=\"twitter:card\" content=\"summary_large_image\" \/>\n<meta name=\"twitter:label1\" content=\"Est. reading time\" \/>\n\t<meta name=\"twitter:data1\" content=\"3 minutes\" \/>\n<script type=\"application\/ld+json\" class=\"yoast-schema-graph\">{\"@context\":\"https:\\\/\\\/schema.org\",\"@graph\":[{\"@type\":\"WebPage\",\"@id\":\"https:\\\/\\\/dirfinex.es\\\/en\",\"url\":\"https:\\\/\\\/dirfinex.es\\\/en\",\"name\":\"Home - Dirfinex\",\"isPartOf\":{\"@id\":\"https:\\\/\\\/dirfinex.es\\\/en#website\"},\"datePublished\":\"2021-08-05T12:56:45+00:00\",\"dateModified\":\"2023-09-21T14:25:06+00:00\",\"breadcrumb\":{\"@id\":\"https:\\\/\\\/dirfinex.es\\\/en#breadcrumb\"},\"inLanguage\":\"en-US\",\"potentialAction\":[{\"@type\":\"ReadAction\",\"target\":[\"https:\\\/\\\/dirfinex.es\\\/en\"]}]},{\"@type\":\"BreadcrumbList\",\"@id\":\"https:\\\/\\\/dirfinex.es\\\/en#breadcrumb\",\"itemListElement\":[{\"@type\":\"ListItem\",\"position\":1,\"name\":\"Portada\",\"item\":\"https:\\\/\\\/dirfinex.es\\\/en\"},{\"@type\":\"ListItem\",\"position\":2,\"name\":\"Home\"}]},{\"@type\":\"WebSite\",\"@id\":\"https:\\\/\\\/dirfinex.es\\\/en#website\",\"url\":\"https:\\\/\\\/dirfinex.es\\\/en\",\"name\":\"Dirfinex\",\"description\":\"Consultor\u00eda y Financiaci\u00f3n Estrat\u00e9gica\",\"publisher\":{\"@id\":\"https:\\\/\\\/dirfinex.es\\\/en#organization\"},\"potentialAction\":[{\"@type\":\"SearchAction\",\"target\":{\"@type\":\"EntryPoint\",\"urlTemplate\":\"https:\\\/\\\/dirfinex.es\\\/en?s={search_term_string}\"},\"query-input\":{\"@type\":\"PropertyValueSpecification\",\"valueRequired\":true,\"valueName\":\"search_term_string\"}}],\"inLanguage\":\"en-US\"},{\"@type\":\"Organization\",\"@id\":\"https:\\\/\\\/dirfinex.es\\\/en#organization\",\"name\":\"Dirfinex\",\"url\":\"https:\\\/\\\/dirfinex.es\\\/en\",\"logo\":{\"@type\":\"ImageObject\",\"inLanguage\":\"en-US\",\"@id\":\"https:\\\/\\\/dirfinex.es\\\/en#\\\/schema\\\/logo\\\/image\\\/\",\"url\":\"https:\\\/\\\/dirfinex.es\\\/wp-content\\\/uploads\\\/2024\\\/04\\\/logo-dirfinex-cabecera.png\",\"contentUrl\":\"https:\\\/\\\/dirfinex.es\\\/wp-content\\\/uploads\\\/2024\\\/04\\\/logo-dirfinex-cabecera.png\",\"width\":350,\"height\":82,\"caption\":\"Dirfinex\"},\"image\":{\"@id\":\"https:\\\/\\\/dirfinex.es\\\/en#\\\/schema\\\/logo\\\/image\\\/\"}}]}<\/script>\n<!-- \/ Yoast SEO plugin. -->","yoast_head_json":{"title":"Home - Dirfinex","robots":{"index":"index","follow":"follow","max-snippet":"max-snippet:-1","max-image-preview":"max-image-preview:large","max-video-preview":"max-video-preview:-1"},"canonical":"https:\/\/dirfinex.es\/en","og_locale":"en_US","og_type":"article","og_title":"Home - Dirfinex","og_description":"[vc_section full_width=&#8221;stretch_row&#8221; full_height=&#8221;yes&#8221; content_placement=&#8221;middle&#8221; css=&#8221;.vc_custom_1687962691454{padding-top: 100px !important;background-image: url(https:\/\/dirfinex.es\/wp-content\/uploads\/2023\/06\/dirfineX-hero-bg.jpg?id=1106) !important;background-position: center !important;background-repeat: no-repeat !important;background-size: cover !important;}&#8221;][vc_row][vc_column offset=&#8221;vc_col-lg-8 vc_col-md-10 vc_col-xs-12&#8243;][vc_column_text] Consulting and Strategic Financing [\/vc_column_text][vc_column_text css=&#8221;.vc_custom_1687444718210{margin-top: 10px !important;}&#8221;] At Dirfinex we offer you personalized advice for your business in financial and strategic matters. [\/vc_column_text][vc_btn title=&#8221;REQUEST PERSONALIZED ADVICE&#8221; style=&#8221;outline-custom&#8221; outline_custom_color=&#8221;#ffffff&#8221; outline_custom_hover_background=&#8221;#ffffff&#8221; outline_custom_hover_text=&#8221;#06aff2&#8243; shape=&#8221;round&#8221; link=&#8221;url:https%3A%2F%2Fdirfinex.es%2Fen%2Fcontact|&#8221; css=&#8221;.vc_custom_1687520645014{margin-top: 45px !important;}&#8221;][\/vc_column][vc_column width=&#8221;1\/3&#8243;...","og_url":"https:\/\/dirfinex.es\/en","og_site_name":"Dirfinex","article_modified_time":"2023-09-21T14:25:06+00:00","twitter_card":"summary_large_image","twitter_misc":{"Est. reading time":"3 minutes"},"schema":{"@context":"https:\/\/schema.org","@graph":[{"@type":"WebPage","@id":"https:\/\/dirfinex.es\/en","url":"https:\/\/dirfinex.es\/en","name":"Home - Dirfinex","isPartOf":{"@id":"https:\/\/dirfinex.es\/en#website"},"datePublished":"2021-08-05T12:56:45+00:00","dateModified":"2023-09-21T14:25:06+00:00","breadcrumb":{"@id":"https:\/\/dirfinex.es\/en#breadcrumb"},"inLanguage":"en-US","potentialAction":[{"@type":"ReadAction","target":["https:\/\/dirfinex.es\/en"]}]},{"@type":"BreadcrumbList","@id":"https:\/\/dirfinex.es\/en#breadcrumb","itemListElement":[{"@type":"ListItem","position":1,"name":"Portada","item":"https:\/\/dirfinex.es\/en"},{"@type":"ListItem","position":2,"name":"Home"}]},{"@type":"WebSite","@id":"https:\/\/dirfinex.es\/en#website","url":"https:\/\/dirfinex.es\/en","name":"Dirfinex","description":"Consultor\u00eda y Financiaci\u00f3n Estrat\u00e9gica","publisher":{"@id":"https:\/\/dirfinex.es\/en#organization"},"potentialAction":[{"@type":"SearchAction","target":{"@type":"EntryPoint","urlTemplate":"https:\/\/dirfinex.es\/en?s={search_term_string}"},"query-input":{"@type":"PropertyValueSpecification","valueRequired":true,"valueName":"search_term_string"}}],"inLanguage":"en-US"},{"@type":"Organization","@id":"https:\/\/dirfinex.es\/en#organization","name":"Dirfinex","url":"https:\/\/dirfinex.es\/en","logo":{"@type":"ImageObject","inLanguage":"en-US","@id":"https:\/\/dirfinex.es\/en#\/schema\/logo\/image\/","url":"https:\/\/dirfinex.es\/wp-content\/uploads\/2024\/04\/logo-dirfinex-cabecera.png","contentUrl":"https:\/\/dirfinex.es\/wp-content\/uploads\/2024\/04\/logo-dirfinex-cabecera.png","width":350,"height":82,"caption":"Dirfinex"},"image":{"@id":"https:\/\/dirfinex.es\/en#\/schema\/logo\/image\/"}}]}},"_links":{"self":[{"href":"https:\/\/dirfinex.es\/en\/wp-json\/wp\/v2\/pages\/1444","targetHints":{"allow":["GET"]}}],"collection":[{"href":"https:\/\/dirfinex.es\/en\/wp-json\/wp\/v2\/pages"}],"about":[{"href":"https:\/\/dirfinex.es\/en\/wp-json\/wp\/v2\/types\/page"}],"author":[{"embeddable":true,"href":"https:\/\/dirfinex.es\/en\/wp-json\/wp\/v2\/users\/5"}],"replies":[{"embeddable":true,"href":"https:\/\/dirfinex.es\/en\/wp-json\/wp\/v2\/comments?post=1444"}],"version-history":[{"count":5,"href":"https:\/\/dirfinex.es\/en\/wp-json\/wp\/v2\/pages\/1444\/revisions"}],"predecessor-version":[{"id":1521,"href":"https:\/\/dirfinex.es\/en\/wp-json\/wp\/v2\/pages\/1444\/revisions\/1521"}],"wp:attachment":[{"href":"https:\/\/dirfinex.es\/en\/wp-json\/wp\/v2\/media?parent=1444"}],"curies":[{"name":"wp","href":"https:\/\/api.w.org\/{rel}","templated":true}]}}