{"id":1436,"date":"2023-08-01T12:59:08","date_gmt":"2023-08-01T10:59:08","guid":{"rendered":"https:\/\/dirfinex.es\/who-we-are"},"modified":"2023-09-21T16:21:06","modified_gmt":"2023-09-21T14:21:06","slug":"who-we-are","status":"publish","type":"page","link":"https:\/\/dirfinex.es\/en\/who-we-are","title":{"rendered":"Who we are"},"content":{"rendered":"<div class=\"wpb-content-wrapper\"><p>[vc_section full_width=&#8221;stretch_row&#8221; content_placement=&#8221;middle&#8221; css=&#8221;.vc_custom_1690886873293{padding-top: 190px !important;padding-bottom: 60px !important;background-image: url(https:\/\/dirfinex.es\/wp-content\/uploads\/2023\/08\/qs-bg.jpg?id=1347) !important;background-position: center !important;background-repeat: no-repeat !important;background-size: cover !important;}&#8221;][vc_row][vc_column][vc_column_text]<\/p>\n<h1 class=\"blanco h1-interna\">Who we are<\/h1>\n<p>[\/vc_column_text][vc_column_text css=&#8221;.vc_custom_1690886900575{margin-top: 40px !important;}&#8221;]<\/p>\n<p class=\"blanco\">At Dirfinex we offer you personalized advice for your business in financial and strategic matters.<\/p>\n<p>[\/vc_column_text][\/vc_column][\/vc_row][\/vc_section][vc_section css=&#8221;.vc_custom_1687860483537{margin-top: 50px !important;}&#8221;][vc_row][vc_column][vc_column_text]<\/p>\n<h2>Improve the development of your business activity<\/h2>\n<p>[\/vc_column_text][\/vc_column][\/vc_row][vc_row gap=&#8221;35&#8243; equal_height=&#8221;yes&#8221; css=&#8221;.vc_custom_1687860703451{margin-top: 70px !important;}&#8221; el_class=&#8221;row-soluciones&#8221;][vc_column width=&#8221;1\/2&#8243; css=&#8221;.vc_custom_1690888176534{padding-top: 200px !important;padding-bottom: 200px !important;background-image: url(https:\/\/dirfinex.es\/wp-content\/uploads\/2023\/08\/qs-lat.jpg?id=1363) !important;background-position: center !important;background-repeat: no-repeat !important;background-size: cover !important;}&#8221; el_class=&#8221;borde-izq-oscuro&#8221;][\/vc_column][vc_column width=&#8221;1\/2&#8243; css=&#8221;.vc_custom_1687860718274{margin-top: -40px !important;background-position: center !important;background-repeat: no-repeat !important;background-size: cover !important;}&#8221;][vc_column_text]<\/p>\n<h3><strong>Our team<\/strong><\/h3>\n<p>We have a team of professionals with extensive experience in financing companies and projects in different industries. We provide independence, specialization, proximity and commitment.<\/p>\n<h3><strong>Business objectives<\/strong><\/h3>\n<p>Dirfinex accompanies its Clients in all the necessary processes for the materialization of their Business objectives: Analysis, Validation of Business Plans and Financial Projections, Financing Design and negotiation with Entities or Investors.<\/p>\n<h3>Financial community<\/h3>\n<p>Access with preference to the global financial community and the credibility acquired in more than 25 years working with the full range of Investors, Entities and Institutions.[\/vc_column_text][\/vc_column][\/vc_row][\/vc_section][vc_section full_width=&#8221;stretch_row&#8221; css=&#8221;.vc_custom_1687956914109{margin-top: 50px !important;padding-top: 80px !important;padding-bottom: 120px !important;background-image: url(https:\/\/dirfinex.es\/wp-content\/uploads\/2023\/06\/bg-light.jpg?id=1253) !important;background-position: center !important;background-repeat: no-repeat !important;background-size: cover !important;}&#8221;][vc_row][vc_column][vc_column_text]<\/p>\n<h2 class=\"\">Strategic consulting for financing<\/h2>\n<p>[\/vc_column_text][vc_column_text css=&#8221;.vc_custom_1690887176536{margin-top: 40px !important;}&#8221;]<\/p>\n<p class=\"\">Our consultancy focuses on understanding the needs of your financial restructuring and finding the best options of economic viability for your business.<\/p>\n<p>[\/vc_column_text][\/vc_column][\/vc_row][vc_row gap=&#8221;30&#8243; equal_height=&#8221;yes&#8221; content_placement=&#8221;middle&#8221; css=&#8221;.vc_custom_1687861814480{margin-top: 55px !important;}&#8221;][vc_column width=&#8221;1\/2&#8243; css=&#8221;.vc_custom_1687961402216{padding-top: 20px !important;padding-right: 20px !important;padding-bottom: 20px !important;padding-left: 20px !important;background-color: #ffffff !important;border-radius: 10px !important;}&#8221; offset=&#8221;vc_col-lg-3 vc_col-md-3&#8243;][vc_row_inner content_placement=&#8221;middle&#8221;][vc_column_inner width=&#8221;1\/4&#8243; offset=&#8221;vc_col-lg-3 vc_col-md-3 vc_col-xs-12&#8243;][vc_single_image image=&#8221;1254&#8243; img_size=&#8221;full&#8221;][\/vc_column_inner][vc_column_inner width=&#8221;3\/4&#8243; offset=&#8221;vc_col-lg-9 vc_col-md-9 vc_col-xs-12&#8243;][vc_column_text]Business plan objectives[\/vc_column_text][\/vc_column_inner][\/vc_row_inner][\/vc_column][vc_column width=&#8221;1\/2&#8243; css=&#8221;.vc_custom_1687961412495{padding-top: 20px !important;padding-right: 20px !important;padding-bottom: 20px !important;padding-left: 20px !important;background-color: #ffffff !important;background-position: center !important;background-repeat: no-repeat !important;background-size: cover !important;border-radius: 10px !important;}&#8221; offset=&#8221;vc_col-lg-3 vc_col-md-3 vc_col-xs-12&#8243;][vc_row_inner content_placement=&#8221;middle&#8221;][vc_column_inner width=&#8221;1\/4&#8243; offset=&#8221;vc_col-lg-3 vc_col-md-3 vc_col-xs-12&#8243;][vc_single_image image=&#8221;1254&#8243; img_size=&#8221;full&#8221;][\/vc_column_inner][vc_column_inner width=&#8221;3\/4&#8243; offset=&#8221;vc_col-lg-9 vc_col-md-9 vc_col-xs-9&#8243;][vc_column_text]Growth levers[\/vc_column_text][\/vc_column_inner][\/vc_row_inner][\/vc_column][vc_column width=&#8221;1\/2&#8243; css=&#8221;.vc_custom_1687961421966{padding-top: 20px !important;padding-right: 20px !important;padding-bottom: 20px !important;padding-left: 20px !important;background-color: #ffffff !important;border-radius: 10px !important;}&#8221; offset=&#8221;vc_col-lg-3 vc_col-md-3 vc_col-xs-12&#8243;][vc_row_inner content_placement=&#8221;middle&#8221;][vc_column_inner width=&#8221;1\/4&#8243;][vc_single_image image=&#8221;1254&#8243; img_size=&#8221;full&#8221;][\/vc_column_inner][vc_column_inner width=&#8221;3\/4&#8243;][vc_column_text]Company repositioning[\/vc_column_text][\/vc_column_inner][\/vc_row_inner][\/vc_column][vc_column width=&#8221;1\/2&#8243; css=&#8221;.vc_custom_1687961463387{padding-top: 20px !important;padding-right: 20px !important;padding-bottom: 20px !important;padding-left: 20px !important;background-color: #ffffff !important;background-position: center !important;background-repeat: no-repeat !important;background-size: cover !important;border-radius: 10px !important;}&#8221; offset=&#8221;vc_col-lg-3 vc_col-md-3 vc_col-xs-12&#8243;][vc_row_inner content_placement=&#8221;middle&#8221;][vc_column_inner width=&#8221;1\/4&#8243; offset=&#8221;vc_col-lg-3 vc_col-md-3 vc_col-xs-3&#8243;][vc_single_image image=&#8221;1254&#8243; img_size=&#8221;full&#8221;][\/vc_column_inner][vc_column_inner width=&#8221;3\/4&#8243; offset=&#8221;vc_col-lg-9 vc_col-md-9 vc_col-xs-12&#8243;][vc_column_text]Financing solutions[\/vc_column_text][\/vc_column_inner][\/vc_row_inner][\/vc_column][\/vc_row][vc_row gap=&#8221;30&#8243; equal_height=&#8221;yes&#8221; content_placement=&#8221;middle&#8221;][vc_column width=&#8221;1\/2&#8243; css=&#8221;.vc_custom_1687961474152{padding-top: 20px !important;padding-right: 20px !important;padding-bottom: 20px !important;padding-left: 20px !important;background-color: #ffffff !important;border-radius: 10px !important;}&#8221; offset=&#8221;vc_col-lg-3 vc_col-md-3 vc_col-xs-12&#8243;][vc_row_inner content_placement=&#8221;middle&#8221;][vc_column_inner width=&#8221;1\/4&#8243;][vc_single_image image=&#8221;1254&#8243; img_size=&#8221;full&#8221;][\/vc_column_inner][vc_column_inner width=&#8221;3\/4&#8243;][vc_column_text]Investments and financing[\/vc_column_text][\/vc_column_inner][\/vc_row_inner][\/vc_column][vc_column width=&#8221;1\/2&#8243; css=&#8221;.vc_custom_1687961486261{padding-top: 20px !important;padding-right: 20px !important;padding-bottom: 20px !important;padding-left: 20px !important;background-color: #ffffff !important;background-position: center !important;background-repeat: no-repeat !important;background-size: cover !important;border-radius: 10px !important;}&#8221; offset=&#8221;vc_col-lg-3 vc_col-md-3 vc_col-xs-12&#8243;][vc_row_inner content_placement=&#8221;middle&#8221;][vc_column_inner width=&#8221;1\/4&#8243;][vc_single_image image=&#8221;1254&#8243; img_size=&#8221;full&#8221;][\/vc_column_inner][vc_column_inner width=&#8221;3\/4&#8243;][vc_column_text]Investment optimization[\/vc_column_text][\/vc_column_inner][\/vc_row_inner][\/vc_column][vc_column width=&#8221;1\/2&#8243; css=&#8221;.vc_custom_1687961496427{padding-top: 20px !important;padding-right: 20px !important;padding-bottom: 20px !important;padding-left: 20px !important;background-color: #ffffff !important;border-radius: 10px !important;}&#8221; offset=&#8221;vc_col-lg-3 vc_col-md-3 vc_col-xs-12&#8243;][vc_row_inner content_placement=&#8221;middle&#8221;][vc_column_inner width=&#8221;1\/4&#8243;][vc_single_image image=&#8221;1254&#8243; img_size=&#8221;full&#8221;][\/vc_column_inner][vc_column_inner width=&#8221;3\/4&#8243;][vc_column_text]Effective negotiation[\/vc_column_text][\/vc_column_inner][\/vc_row_inner][\/vc_column][vc_column width=&#8221;1\/2&#8243; css=&#8221;.vc_custom_1687961505354{padding-top: 20px !important;padding-right: 20px !important;padding-bottom: 20px !important;padding-left: 20px !important;background-color: #ffffff !important;background-position: center !important;background-repeat: no-repeat !important;background-size: cover !important;border-radius: 10px !important;}&#8221; offset=&#8221;vc_col-lg-3 vc_col-md-3 vc_col-xs-12&#8243;][vc_row_inner content_placement=&#8221;middle&#8221;][vc_column_inner width=&#8221;1\/4&#8243;][vc_single_image image=&#8221;1254&#8243; img_size=&#8221;full&#8221;][\/vc_column_inner][vc_column_inner width=&#8221;3\/4&#8243;][vc_column_text]Expert support[\/vc_column_text][\/vc_column_inner][\/vc_row_inner][\/vc_column][\/vc_row][\/vc_section][vc_section css=&#8221;.vc_custom_1687860483537{margin-top: 50px !important;}&#8221;][vc_row][vc_column][vc_column_text]<\/p>\n<h2>Dirfinex methodology and approach<\/h2>\n<p>[\/vc_column_text][\/vc_column][\/vc_row][vc_row gap=&#8221;35&#8243; css=&#8221;.vc_custom_1690887740651{margin-top: 70px !important;}&#8221; el_class=&#8221;row-soluciones&#8221;][vc_column width=&#8221;1\/2&#8243; css=&#8221;.vc_custom_1687860718274{margin-top: -40px !important;background-position: center !important;background-repeat: no-repeat !important;background-size: cover !important;}&#8221;][vc_column_text]<\/p>\n<h3>Financing strategy<\/h3>\n<p>Dirfinex analysis and validation serves as a starting point for selecting the optimal financial alternatives.<\/p>\n<p>We design an efficient financing strategy bridging the gap between the funding needs of your company or project and the liquidity available in the market.<\/p>\n<h3>Financing structure<\/h3>\n<p>When drawing up the financial plan, it is not enough just to achieve a certain amount.<\/p>\n<p>It is very important to have the right channel and financing structure for the needs of each project and to develop an effective negotiation process by an expert team.[\/vc_column_text][\/vc_column][vc_column width=&#8221;1\/2&#8243; css=&#8221;.vc_custom_1690888401837{padding-top: 200px !important;padding-bottom: 200px !important;background-image: url(https:\/\/dirfinex.es\/wp-content\/uploads\/2023\/08\/qsl-consultoria-estrategica-1.jpg?id=1365) !important;background-position: center !important;background-repeat: no-repeat !important;background-size: cover !important;}&#8221; el_class=&#8221;borde-izq-oscuro&#8221;][\/vc_column][\/vc_row][\/vc_section][vc_section full_width=&#8221;stretch_row&#8221; css=&#8221;.vc_custom_1690887639889{margin-top: 50px !important;padding-top: 90px !important;padding-bottom: 90px !important;background-image: url(https:\/\/dirfinex.es\/wp-content\/uploads\/2023\/06\/expe-bg.jpg?id=1172) !important;background-position: center !important;background-repeat: no-repeat !important;background-size: cover !important;}&#8221;][vc_row][vc_column][vc_column_text]<\/p>\n<h2 class=\"texto-centro\">Proven experience<\/h2>\n<p>[\/vc_column_text][vc_column_text css=&#8221;.vc_custom_1690896260875{margin-top: 40px !important;}&#8221;]<\/p>\n<p class=\" texto-centro\">Our specialized consulting service provides highly effective business strategies, financial analysis and business plans to enhance the success of your company.<\/p>\n<p>[\/vc_column_text][\/vc_column][\/vc_row][vc_row gap=&#8221;30&#8243; css=&#8221;.vc_custom_1687512732513{margin-top: 50px !important;}&#8221; el_class=&#8221;expe-row&#8221;][vc_column width=&#8221;1\/4&#8243;][vc_column_text]<\/p>\n<p class=\"numero texto-centro\">+25<\/p>\n<p>[\/vc_column_text][vc_column_text css=&#8221;.vc_custom_1687512321573{margin-top: 10px !important;}&#8221;]<\/p>\n<p class=\"texto-centro\">years of experience in the sector<\/p>\n<p>[\/vc_column_text][\/vc_column][vc_column width=&#8221;1\/4&#8243;][vc_column_text]<\/p>\n<p class=\"numero texto-centro\">+150<\/p>\n<p>[\/vc_column_text][vc_column_text css=&#8221;.vc_custom_1688383242464{margin-top: 10px !important;}&#8221;]<\/p>\n<p class=\"texto-centro\">financing projects<\/p>\n<p>[\/vc_column_text][\/vc_column][vc_column width=&#8221;1\/4&#8243;][vc_column_text]<\/p>\n<p class=\"numero texto-centro\">+200m \u20ac<\/p>\n<p>[\/vc_column_text][vc_column_text css=&#8221;.vc_custom_1687512327366{margin-top: 10px !important;}&#8221;]<\/p>\n<p class=\"texto-centro\">of euros of financing obtained<\/p>\n<p>[\/vc_column_text][\/vc_column][vc_column width=&#8221;1\/4&#8243;][vc_column_text]<\/p>\n<p class=\"numero texto-centro\">+10%<\/p>\n<p>[\/vc_column_text][vc_column_text css=&#8221;.vc_custom_1688383265486{margin-top: 10px !important;}&#8221;]<\/p>\n<p class=\"texto-centro\">growth of the activity<\/p>\n<p>[\/vc_column_text][\/vc_column][\/vc_row][vc_row css=&#8221;.vc_custom_1687512197792{margin-top: 120px !important;}&#8221;][vc_column][vc_column_text]<\/p>\n<h2 class=\"texto-centro blanco\">Let&#8217;s start working together<\/h2>\n<p>[\/vc_column_text][vc_column_text css=&#8221;.vc_custom_1687512239894{margin-top: 40px !important;}&#8221;]<\/p>\n<p class=\"texto-centro blanco\">Contact us so we can start growing your business together.<\/p>\n<p>[\/vc_column_text][vc_btn title=&#8221;Tell us about your case&#8221; style=&#8221;outline-custom&#8221; outline_custom_color=&#8221;#ffffff&#8221; outline_custom_hover_background=&#8221;#ffffff&#8221; outline_custom_hover_text=&#8221;#06aff2&#8243; shape=&#8221;round&#8221; align=&#8221;center&#8221; link=&#8221;url:https%3A%2F%2Fdirfinex.es%2Fen%2Fcontact|&#8221; css=&#8221;.vc_custom_1687520670315{margin-top: 55px !important;}&#8221;][\/vc_column][\/vc_row][\/vc_section]<\/p>\n<\/div>","protected":false},"excerpt":{"rendered":"<p>[vc_section full_width=&#8221;stretch_row&#8221; content_placement=&#8221;middle&#8221; css=&#8221;.vc_custom_1690886873293{padding-top: 190px !important;padding-bottom: 60px !important;background-image: url(https:\/\/dirfinex.es\/wp-content\/uploads\/2023\/08\/qs-bg.jpg?id=1347) !important;background-position: center !important;background-repeat: no-repeat !important;background-size: cover !important;}&#8221;][vc_row][vc_column][vc_column_text] Who we are [\/vc_column_text][vc_column_text css=&#8221;.vc_custom_1690886900575{margin-top: 40px !important;}&#8221;] At Dirfinex we offer you personalized advice for your business in financial and strategic matters. [\/vc_column_text][\/vc_column][\/vc_row][\/vc_section][vc_section css=&#8221;.vc_custom_1687860483537{margin-top: 50px !important;}&#8221;][vc_row][vc_column][vc_column_text] Improve the development of your business activity [\/vc_column_text][\/vc_column][\/vc_row][vc_row gap=&#8221;35&#8243; equal_height=&#8221;yes&#8221; css=&#8221;.vc_custom_1687860703451{margin-top: 70px !important;}&#8221;&#8230;<\/p>\n","protected":false},"author":5,"featured_media":0,"parent":0,"menu_order":0,"comment_status":"closed","ping_status":"closed","template":"","meta":{"_kad_post_transparent":"default","_kad_post_title":"default","_kad_post_layout":"default","_kad_post_sidebar_id":"","_kad_post_content_style":"default","_kad_post_vertical_padding":"default","_kad_post_feature":"","_kad_post_feature_position":"","_kad_post_header":false,"_kad_post_footer":false,"_kad_post_classname":"","footnotes":""},"class_list":["post-1436","page","type-page","status-publish","hentry"],"yoast_head":"<!-- This site is optimized with the Yoast SEO plugin v27.3 - https:\/\/yoast.com\/product\/yoast-seo-wordpress\/ -->\n<title>Who we are - Dirfinex<\/title>\n<meta name=\"robots\" content=\"index, follow, max-snippet:-1, max-image-preview:large, max-video-preview:-1\" \/>\n<link rel=\"canonical\" href=\"https:\/\/dirfinex.es\/en\/who-we-are\" \/>\n<meta property=\"og:locale\" content=\"en_US\" \/>\n<meta property=\"og:type\" content=\"article\" \/>\n<meta property=\"og:title\" content=\"Who we are - Dirfinex\" \/>\n<meta property=\"og:description\" content=\"[vc_section full_width=&#8221;stretch_row&#8221; content_placement=&#8221;middle&#8221; css=&#8221;.vc_custom_1690886873293{padding-top: 190px !important;padding-bottom: 60px !important;background-image: url(https:\/\/dirfinex.es\/wp-content\/uploads\/2023\/08\/qs-bg.jpg?id=1347) !important;background-position: center !important;background-repeat: no-repeat !important;background-size: cover !important;}&#8221;][vc_row][vc_column][vc_column_text] Who we are [\/vc_column_text][vc_column_text css=&#8221;.vc_custom_1690886900575{margin-top: 40px !important;}&#8221;] At Dirfinex we offer you personalized advice for your business in financial and strategic matters. [\/vc_column_text][\/vc_column][\/vc_row][\/vc_section][vc_section css=&#8221;.vc_custom_1687860483537{margin-top: 50px !important;}&#8221;][vc_row][vc_column][vc_column_text] Improve the development of your business activity [\/vc_column_text][\/vc_column][\/vc_row][vc_row gap=&#8221;35&#8243; equal_height=&#8221;yes&#8221; css=&#8221;.vc_custom_1687860703451{margin-top: 70px !important;}&#8221;...\" \/>\n<meta property=\"og:url\" content=\"https:\/\/dirfinex.es\/en\/who-we-are\" \/>\n<meta property=\"og:site_name\" content=\"Dirfinex\" \/>\n<meta property=\"article:modified_time\" content=\"2023-09-21T14:21:06+00:00\" \/>\n<meta name=\"twitter:card\" content=\"summary_large_image\" \/>\n<meta name=\"twitter:label1\" content=\"Est. reading time\" \/>\n\t<meta name=\"twitter:data1\" content=\"4 minutes\" \/>\n<script type=\"application\/ld+json\" class=\"yoast-schema-graph\">{\"@context\":\"https:\\\/\\\/schema.org\",\"@graph\":[{\"@type\":\"WebPage\",\"@id\":\"https:\\\/\\\/dirfinex.es\\\/en\\\/who-we-are\",\"url\":\"https:\\\/\\\/dirfinex.es\\\/en\\\/who-we-are\",\"name\":\"Who we are - Dirfinex\",\"isPartOf\":{\"@id\":\"https:\\\/\\\/dirfinex.es\\\/en#website\"},\"datePublished\":\"2023-08-01T10:59:08+00:00\",\"dateModified\":\"2023-09-21T14:21:06+00:00\",\"breadcrumb\":{\"@id\":\"https:\\\/\\\/dirfinex.es\\\/en\\\/who-we-are#breadcrumb\"},\"inLanguage\":\"en-US\",\"potentialAction\":[{\"@type\":\"ReadAction\",\"target\":[\"https:\\\/\\\/dirfinex.es\\\/en\\\/who-we-are\"]}]},{\"@type\":\"BreadcrumbList\",\"@id\":\"https:\\\/\\\/dirfinex.es\\\/en\\\/who-we-are#breadcrumb\",\"itemListElement\":[{\"@type\":\"ListItem\",\"position\":1,\"name\":\"Portada\",\"item\":\"https:\\\/\\\/dirfinex.es\\\/en\"},{\"@type\":\"ListItem\",\"position\":2,\"name\":\"Who we are\"}]},{\"@type\":\"WebSite\",\"@id\":\"https:\\\/\\\/dirfinex.es\\\/en#website\",\"url\":\"https:\\\/\\\/dirfinex.es\\\/en\",\"name\":\"Dirfinex\",\"description\":\"Consultor\u00eda y Financiaci\u00f3n Estrat\u00e9gica\",\"publisher\":{\"@id\":\"https:\\\/\\\/dirfinex.es\\\/en#organization\"},\"potentialAction\":[{\"@type\":\"SearchAction\",\"target\":{\"@type\":\"EntryPoint\",\"urlTemplate\":\"https:\\\/\\\/dirfinex.es\\\/en?s={search_term_string}\"},\"query-input\":{\"@type\":\"PropertyValueSpecification\",\"valueRequired\":true,\"valueName\":\"search_term_string\"}}],\"inLanguage\":\"en-US\"},{\"@type\":\"Organization\",\"@id\":\"https:\\\/\\\/dirfinex.es\\\/en#organization\",\"name\":\"Dirfinex\",\"url\":\"https:\\\/\\\/dirfinex.es\\\/en\",\"logo\":{\"@type\":\"ImageObject\",\"inLanguage\":\"en-US\",\"@id\":\"https:\\\/\\\/dirfinex.es\\\/en#\\\/schema\\\/logo\\\/image\\\/\",\"url\":\"https:\\\/\\\/dirfinex.es\\\/wp-content\\\/uploads\\\/2024\\\/04\\\/logo-dirfinex-cabecera.png\",\"contentUrl\":\"https:\\\/\\\/dirfinex.es\\\/wp-content\\\/uploads\\\/2024\\\/04\\\/logo-dirfinex-cabecera.png\",\"width\":350,\"height\":82,\"caption\":\"Dirfinex\"},\"image\":{\"@id\":\"https:\\\/\\\/dirfinex.es\\\/en#\\\/schema\\\/logo\\\/image\\\/\"}}]}<\/script>\n<!-- \/ Yoast SEO plugin. -->","yoast_head_json":{"title":"Who we are - Dirfinex","robots":{"index":"index","follow":"follow","max-snippet":"max-snippet:-1","max-image-preview":"max-image-preview:large","max-video-preview":"max-video-preview:-1"},"canonical":"https:\/\/dirfinex.es\/en\/who-we-are","og_locale":"en_US","og_type":"article","og_title":"Who we are - Dirfinex","og_description":"[vc_section full_width=&#8221;stretch_row&#8221; content_placement=&#8221;middle&#8221; css=&#8221;.vc_custom_1690886873293{padding-top: 190px !important;padding-bottom: 60px !important;background-image: url(https:\/\/dirfinex.es\/wp-content\/uploads\/2023\/08\/qs-bg.jpg?id=1347) !important;background-position: center !important;background-repeat: no-repeat !important;background-size: cover !important;}&#8221;][vc_row][vc_column][vc_column_text] Who we are [\/vc_column_text][vc_column_text css=&#8221;.vc_custom_1690886900575{margin-top: 40px !important;}&#8221;] At Dirfinex we offer you personalized advice for your business in financial and strategic matters. [\/vc_column_text][\/vc_column][\/vc_row][\/vc_section][vc_section css=&#8221;.vc_custom_1687860483537{margin-top: 50px !important;}&#8221;][vc_row][vc_column][vc_column_text] Improve the development of your business activity [\/vc_column_text][\/vc_column][\/vc_row][vc_row gap=&#8221;35&#8243; equal_height=&#8221;yes&#8221; css=&#8221;.vc_custom_1687860703451{margin-top: 70px !important;}&#8221;...","og_url":"https:\/\/dirfinex.es\/en\/who-we-are","og_site_name":"Dirfinex","article_modified_time":"2023-09-21T14:21:06+00:00","twitter_card":"summary_large_image","twitter_misc":{"Est. reading time":"4 minutes"},"schema":{"@context":"https:\/\/schema.org","@graph":[{"@type":"WebPage","@id":"https:\/\/dirfinex.es\/en\/who-we-are","url":"https:\/\/dirfinex.es\/en\/who-we-are","name":"Who we are - Dirfinex","isPartOf":{"@id":"https:\/\/dirfinex.es\/en#website"},"datePublished":"2023-08-01T10:59:08+00:00","dateModified":"2023-09-21T14:21:06+00:00","breadcrumb":{"@id":"https:\/\/dirfinex.es\/en\/who-we-are#breadcrumb"},"inLanguage":"en-US","potentialAction":[{"@type":"ReadAction","target":["https:\/\/dirfinex.es\/en\/who-we-are"]}]},{"@type":"BreadcrumbList","@id":"https:\/\/dirfinex.es\/en\/who-we-are#breadcrumb","itemListElement":[{"@type":"ListItem","position":1,"name":"Portada","item":"https:\/\/dirfinex.es\/en"},{"@type":"ListItem","position":2,"name":"Who we are"}]},{"@type":"WebSite","@id":"https:\/\/dirfinex.es\/en#website","url":"https:\/\/dirfinex.es\/en","name":"Dirfinex","description":"Consultor\u00eda y Financiaci\u00f3n Estrat\u00e9gica","publisher":{"@id":"https:\/\/dirfinex.es\/en#organization"},"potentialAction":[{"@type":"SearchAction","target":{"@type":"EntryPoint","urlTemplate":"https:\/\/dirfinex.es\/en?s={search_term_string}"},"query-input":{"@type":"PropertyValueSpecification","valueRequired":true,"valueName":"search_term_string"}}],"inLanguage":"en-US"},{"@type":"Organization","@id":"https:\/\/dirfinex.es\/en#organization","name":"Dirfinex","url":"https:\/\/dirfinex.es\/en","logo":{"@type":"ImageObject","inLanguage":"en-US","@id":"https:\/\/dirfinex.es\/en#\/schema\/logo\/image\/","url":"https:\/\/dirfinex.es\/wp-content\/uploads\/2024\/04\/logo-dirfinex-cabecera.png","contentUrl":"https:\/\/dirfinex.es\/wp-content\/uploads\/2024\/04\/logo-dirfinex-cabecera.png","width":350,"height":82,"caption":"Dirfinex"},"image":{"@id":"https:\/\/dirfinex.es\/en#\/schema\/logo\/image\/"}}]}},"_links":{"self":[{"href":"https:\/\/dirfinex.es\/en\/wp-json\/wp\/v2\/pages\/1436","targetHints":{"allow":["GET"]}}],"collection":[{"href":"https:\/\/dirfinex.es\/en\/wp-json\/wp\/v2\/pages"}],"about":[{"href":"https:\/\/dirfinex.es\/en\/wp-json\/wp\/v2\/types\/page"}],"author":[{"embeddable":true,"href":"https:\/\/dirfinex.es\/en\/wp-json\/wp\/v2\/users\/5"}],"replies":[{"embeddable":true,"href":"https:\/\/dirfinex.es\/en\/wp-json\/wp\/v2\/comments?post=1436"}],"version-history":[{"count":5,"href":"https:\/\/dirfinex.es\/en\/wp-json\/wp\/v2\/pages\/1436\/revisions"}],"predecessor-version":[{"id":1518,"href":"https:\/\/dirfinex.es\/en\/wp-json\/wp\/v2\/pages\/1436\/revisions\/1518"}],"wp:attachment":[{"href":"https:\/\/dirfinex.es\/en\/wp-json\/wp\/v2\/media?parent=1436"}],"curies":[{"name":"wp","href":"https:\/\/api.w.org\/{rel}","templated":true}]}}