{"id":1435,"date":"2023-06-23T13:35:38","date_gmt":"2023-06-23T11:35:38","guid":{"rendered":"https:\/\/dirfinex.es\/contact"},"modified":"2023-09-25T16:05:35","modified_gmt":"2023-09-25T14:05:35","slug":"contact","status":"publish","type":"page","link":"https:\/\/dirfinex.es\/en\/contact","title":{"rendered":"Contact"},"content":{"rendered":"<div class=\"wpb-content-wrapper\"><p>[vc_section full_width=&#8221;stretch_row&#8221; css=&#8221;.vc_custom_1687516081587{padding-top: 190px !important;padding-bottom: 60px !important;background-image: url(https:\/\/dirfinex.es\/wp-content\/uploads\/2023\/06\/contacto-bg-3.jpg?id=1205) !important;background-position: center !important;background-repeat: no-repeat !important;background-size: cover !important;}&#8221;][vc_row][vc_column][vc_column_text]<\/p>\n<h1 class=\"h1-interna blanco\">Contact with us<\/h1>\n<p>[\/vc_column_text][vc_column_text css=&#8221;.vc_custom_1687776873151{margin-top: 50px !important;}&#8221;]<\/p>\n<p class=\"blanco\">Tell us your needs, we will be happy to help you boost your business financially.<\/p>\n<p>[\/vc_column_text][\/vc_column][\/vc_row][\/vc_section][vc_section full_width=&#8221;stretch_row&#8221; css=&#8221;.vc_custom_1687518991868{padding-top: 80px !important;padding-bottom: 70px !important;background-image: url(https:\/\/dirfinex.es\/wp-content\/uploads\/2023\/06\/expe-bg.jpg?id=1172) !important;background-position: center !important;background-repeat: no-repeat !important;background-size: cover !important;}&#8221;][vc_row][vc_column width=&#8221;5\/12&#8243;][vc_column_text]<\/p>\n<p class=\"pretitulo\">CONTACT<\/p>\n<p>[\/vc_column_text][vc_column_text css=&#8221;.vc_custom_1687519428781{margin-top: 25px !important;}&#8221;]<\/p>\n<h4>Contact us and find out how we can help you<\/h4>\n<p>[\/vc_column_text][vc_row_inner css=&#8221;.vc_custom_1687518783149{margin-top: 50px !important;}&#8221;][vc_column_inner width=&#8221;1\/6&#8243;][vc_single_image image=&#8221;1213&#8243; img_size=&#8221;full&#8221;][\/vc_column_inner][vc_column_inner width=&#8221;5\/6&#8243;][vc_column_text]TELEPHONE<br \/>\n<a class=\"negro\" href=\"tel:+34659444000\"><strong>659 444 000<\/strong><\/a>[\/vc_column_text][\/vc_column_inner][\/vc_row_inner][vc_row_inner css=&#8221;.vc_custom_1687518787219{margin-top: 50px !important;}&#8221;][vc_column_inner width=&#8221;1\/6&#8243;][vc_single_image image=&#8221;1214&#8243; img_size=&#8221;full&#8221;][\/vc_column_inner][vc_column_inner width=&#8221;5\/6&#8243;][vc_column_text]<\/p>\n<p>EMAIL<br \/>\n<a class=\"negro\" href=\"mailto:c.alvarez@dirfinex.es\"><strong>c.alvarez@dirfinex.es<\/strong><\/a><\/p>\n<p>[\/vc_column_text][\/vc_column_inner][\/vc_row_inner][\/vc_column][vc_column width=&#8221;1\/12&#8243;][\/vc_column][vc_column width=&#8221;6\/12&#8243;]\n<div class=\"wpcf7 no-js\" id=\"wpcf7-f1508-o1\" lang=\"en-US\" dir=\"ltr\" data-wpcf7-id=\"1508\">\n<div class=\"screen-reader-response\"><p role=\"status\" aria-live=\"polite\" aria-atomic=\"true\"><\/p> <ul><\/ul><\/div>\n<form action=\"\/en\/wp-json\/wp\/v2\/pages\/1435#wpcf7-f1508-o1\" method=\"post\" class=\"wpcf7-form init\" aria-label=\"Contact form\" novalidate=\"novalidate\" data-status=\"init\">\n<fieldset class=\"hidden-fields-container\"><input type=\"hidden\" name=\"_wpcf7\" value=\"1508\" \/><input type=\"hidden\" name=\"_wpcf7_version\" value=\"6.1.5\" \/><input type=\"hidden\" name=\"_wpcf7_locale\" value=\"en_US\" \/><input type=\"hidden\" name=\"_wpcf7_unit_tag\" value=\"wpcf7-f1508-o1\" \/><input type=\"hidden\" name=\"_wpcf7_container_post\" value=\"0\" \/><input type=\"hidden\" name=\"_wpcf7_posted_data_hash\" value=\"\" \/>\n<\/fieldset>\n<div class=\"contacto-form contacto\">\n\t<h4>Tell us your case\n\t<\/h4>\n\t<div class=\"vc_row\">\n\t\t<div class=\"vc_col-md-12\">\n\t\t\t<p><label> <span class=\"wpcf7-form-control-wrap\" data-name=\"nombre\"><input size=\"40\" maxlength=\"400\" class=\"wpcf7-form-control wpcf7-text wpcf7-validates-as-required\" aria-required=\"true\" aria-invalid=\"false\" placeholder=\"Name\" value=\"\" type=\"text\" name=\"nombre\" \/><\/span> <\/label>\n\t\t\t<\/p>\n\t\t<\/div>\n\t\t<div class=\"vc_col-md-12\">\n\t\t\t<p><label><span class=\"wpcf7-form-control-wrap\" data-name=\"telefono\"><input size=\"40\" maxlength=\"400\" class=\"wpcf7-form-control wpcf7-tel wpcf7-validates-as-required wpcf7-text wpcf7-validates-as-tel\" aria-required=\"true\" aria-invalid=\"false\" placeholder=\"Telephone\" value=\"\" type=\"tel\" name=\"telefono\" \/><\/span> <\/label>\n\t\t\t<\/p>\n\t\t<\/div>\n\t\t<div class=\"vc_col-md-12\">\n\t\t\t<p><label><span class=\"wpcf7-form-control-wrap\" data-name=\"email\"><input size=\"40\" maxlength=\"400\" class=\"wpcf7-form-control wpcf7-email wpcf7-validates-as-required wpcf7-text wpcf7-validates-as-email\" aria-required=\"true\" aria-invalid=\"false\" placeholder=\"Email\" value=\"\" type=\"email\" name=\"email\" \/><\/span> <\/label>\n\t\t\t<\/p>\n\t\t<\/div>\n\t\t<div class=\"vc_col-md-12\">\n\t\t\t<p><label><span class=\"wpcf7-form-control-wrap\" data-name=\"mensaje\"><textarea cols=\"40\" rows=\"4\" maxlength=\"2000\" class=\"wpcf7-form-control wpcf7-textarea wpcf7-validates-as-required\" aria-required=\"true\" aria-invalid=\"false\" placeholder=\"Message\" name=\"mensaje\"><\/textarea><\/span> <\/label>\n\t\t\t<\/p>\n\t\t<\/div>\n\t<\/div>\n\t<div class=\"vc_row\">\n\t\t<div class=\"vc_col-md-12\">\n\t\t\t<p class=\"privacidad\"><span class=\"wpcf7-form-control-wrap\" data-name=\"acceptance-624\"><span class=\"wpcf7-form-control wpcf7-acceptance\"><span class=\"wpcf7-list-item\"><input type=\"checkbox\" name=\"acceptance-624\" value=\"1\" aria-invalid=\"false\" \/><\/span><\/span><\/span>I accept the <a href=\"politica-de-privacidad\" target=\"_blank\">Privacy Policy<\/a>\n\t\t\t<\/p>\n\t\t<\/div>\n\t\t<div class=\"vc_col-md-12\">\n\t\t\t<p class=\"privacidad\"> Purpose of the data: Commercial relationship and sending communications about our products and services. Data storage: Database hosted on Cloudflare. Rights: At any time you can limit, recover and delete your information.\n\t\t\t<\/p>\n\t\t<\/div>\n\t\t<div class=\"vc_col-md-12\">\n\t\t\t<p><input class=\"wpcf7-form-control wpcf7-submit has-spinner\" type=\"submit\" value=\"Send inquiry now\" \/>\n\t\t\t<\/p>\n\t\t<\/div>\n\t<\/div>\n<\/div><div class=\"wpcf7-response-output\" aria-hidden=\"true\"><\/div>\n<\/form>\n<\/div>\n[\/vc_column][\/vc_row][vc_row css=&#8221;.vc_custom_1687518841151{margin-top: 200px !important;}&#8221;][vc_column width=&#8221;1\/6&#8243;][\/vc_column][vc_column width=&#8221;2\/3&#8243;][vc_column_text]<\/p>\n<h2 class=\"blanco texto-centro\">Let&#8217;s start working together<\/h2>\n<p>[\/vc_column_text][vc_column_text css=&#8221;.vc_custom_1687518897829{margin-top: 30px !important;}&#8221;]<\/p>\n<p class=\"blanco\">Contact us so we can start growing your business together.<\/p>\n<p>[\/vc_column_text][vc_btn title=&#8221;Tell us about your case&#8221; style=&#8221;outline-custom&#8221; outline_custom_color=&#8221;#ffffff&#8221; outline_custom_hover_background=&#8221;#ffffff&#8221; outline_custom_hover_text=&#8221;#0a72c1&#8243; shape=&#8221;round&#8221; align=&#8221;center&#8221; link=&#8221;url:%23|&#8221; css=&#8221;.vc_custom_1687519037430{margin-top: 33px !important;}&#8221;][\/vc_column][vc_column width=&#8221;1\/6&#8243;][\/vc_column][\/vc_row][\/vc_section]<\/p>\n<\/div>","protected":false},"excerpt":{"rendered":"<p>[vc_section full_width=&#8221;stretch_row&#8221; css=&#8221;.vc_custom_1687516081587{padding-top: 190px !important;padding-bottom: 60px !important;background-image: url(https:\/\/dirfinex.es\/wp-content\/uploads\/2023\/06\/contacto-bg-3.jpg?id=1205) !important;background-position: center !important;background-repeat: no-repeat !important;background-size: cover !important;}&#8221;][vc_row][vc_column][vc_column_text] Contact with us [\/vc_column_text][vc_column_text css=&#8221;.vc_custom_1687776873151{margin-top: 50px !important;}&#8221;] Tell us your needs, we will be happy to help you boost your business financially. [\/vc_column_text][\/vc_column][\/vc_row][\/vc_section][vc_section full_width=&#8221;stretch_row&#8221; css=&#8221;.vc_custom_1687518991868{padding-top: 80px !important;padding-bottom: 70px !important;background-image: url(https:\/\/dirfinex.es\/wp-content\/uploads\/2023\/06\/expe-bg.jpg?id=1172) !important;background-position: center !important;background-repeat: no-repeat !important;background-size: cover !important;}&#8221;][vc_row][vc_column width=&#8221;5\/12&#8243;][vc_column_text] CONTACT [\/vc_column_text][vc_column_text&#8230;<\/p>\n","protected":false},"author":5,"featured_media":0,"parent":0,"menu_order":0,"comment_status":"closed","ping_status":"closed","template":"","meta":{"_kad_post_transparent":"default","_kad_post_title":"default","_kad_post_layout":"default","_kad_post_sidebar_id":"","_kad_post_content_style":"default","_kad_post_vertical_padding":"default","_kad_post_feature":"","_kad_post_feature_position":"","_kad_post_header":false,"_kad_post_footer":false,"_kad_post_classname":"","footnotes":""},"class_list":["post-1435","page","type-page","status-publish","hentry"],"yoast_head":"<!-- This site is optimized with the Yoast SEO plugin v27.3 - https:\/\/yoast.com\/product\/yoast-seo-wordpress\/ -->\n<title>Contact - Dirfinex<\/title>\n<meta name=\"robots\" content=\"index, follow, max-snippet:-1, max-image-preview:large, max-video-preview:-1\" \/>\n<link rel=\"canonical\" href=\"https:\/\/dirfinex.es\/en\/contact\" \/>\n<meta property=\"og:locale\" content=\"en_US\" \/>\n<meta property=\"og:type\" content=\"article\" \/>\n<meta property=\"og:title\" content=\"Contact - Dirfinex\" \/>\n<meta property=\"og:description\" content=\"[vc_section full_width=&#8221;stretch_row&#8221; css=&#8221;.vc_custom_1687516081587{padding-top: 190px !important;padding-bottom: 60px !important;background-image: url(https:\/\/dirfinex.es\/wp-content\/uploads\/2023\/06\/contacto-bg-3.jpg?id=1205) !important;background-position: center !important;background-repeat: no-repeat !important;background-size: cover !important;}&#8221;][vc_row][vc_column][vc_column_text] Contact with us [\/vc_column_text][vc_column_text css=&#8221;.vc_custom_1687776873151{margin-top: 50px !important;}&#8221;] Tell us your needs, we will be happy to help you boost your business financially. [\/vc_column_text][\/vc_column][\/vc_row][\/vc_section][vc_section full_width=&#8221;stretch_row&#8221; css=&#8221;.vc_custom_1687518991868{padding-top: 80px !important;padding-bottom: 70px !important;background-image: url(https:\/\/dirfinex.es\/wp-content\/uploads\/2023\/06\/expe-bg.jpg?id=1172) !important;background-position: center !important;background-repeat: no-repeat !important;background-size: cover !important;}&#8221;][vc_row][vc_column width=&#8221;5\/12&#8243;][vc_column_text] CONTACT [\/vc_column_text][vc_column_text...\" \/>\n<meta property=\"og:url\" content=\"https:\/\/dirfinex.es\/en\/contact\" \/>\n<meta property=\"og:site_name\" content=\"Dirfinex\" \/>\n<meta property=\"article:modified_time\" content=\"2023-09-25T14:05:35+00:00\" \/>\n<meta name=\"twitter:card\" content=\"summary_large_image\" \/>\n<meta name=\"twitter:label1\" content=\"Est. reading time\" \/>\n\t<meta name=\"twitter:data1\" content=\"1 minute\" \/>\n<script type=\"application\/ld+json\" class=\"yoast-schema-graph\">{\"@context\":\"https:\\\/\\\/schema.org\",\"@graph\":[{\"@type\":\"WebPage\",\"@id\":\"https:\\\/\\\/dirfinex.es\\\/en\\\/contact\",\"url\":\"https:\\\/\\\/dirfinex.es\\\/en\\\/contact\",\"name\":\"Contact - Dirfinex\",\"isPartOf\":{\"@id\":\"https:\\\/\\\/dirfinex.es\\\/en#website\"},\"datePublished\":\"2023-06-23T11:35:38+00:00\",\"dateModified\":\"2023-09-25T14:05:35+00:00\",\"breadcrumb\":{\"@id\":\"https:\\\/\\\/dirfinex.es\\\/en\\\/contact#breadcrumb\"},\"inLanguage\":\"en-US\",\"potentialAction\":[{\"@type\":\"ReadAction\",\"target\":[\"https:\\\/\\\/dirfinex.es\\\/en\\\/contact\"]}]},{\"@type\":\"BreadcrumbList\",\"@id\":\"https:\\\/\\\/dirfinex.es\\\/en\\\/contact#breadcrumb\",\"itemListElement\":[{\"@type\":\"ListItem\",\"position\":1,\"name\":\"Portada\",\"item\":\"https:\\\/\\\/dirfinex.es\\\/en\"},{\"@type\":\"ListItem\",\"position\":2,\"name\":\"Contact\"}]},{\"@type\":\"WebSite\",\"@id\":\"https:\\\/\\\/dirfinex.es\\\/en#website\",\"url\":\"https:\\\/\\\/dirfinex.es\\\/en\",\"name\":\"Dirfinex\",\"description\":\"Consultor\u00eda y Financiaci\u00f3n Estrat\u00e9gica\",\"publisher\":{\"@id\":\"https:\\\/\\\/dirfinex.es\\\/en#organization\"},\"potentialAction\":[{\"@type\":\"SearchAction\",\"target\":{\"@type\":\"EntryPoint\",\"urlTemplate\":\"https:\\\/\\\/dirfinex.es\\\/en?s={search_term_string}\"},\"query-input\":{\"@type\":\"PropertyValueSpecification\",\"valueRequired\":true,\"valueName\":\"search_term_string\"}}],\"inLanguage\":\"en-US\"},{\"@type\":\"Organization\",\"@id\":\"https:\\\/\\\/dirfinex.es\\\/en#organization\",\"name\":\"Dirfinex\",\"url\":\"https:\\\/\\\/dirfinex.es\\\/en\",\"logo\":{\"@type\":\"ImageObject\",\"inLanguage\":\"en-US\",\"@id\":\"https:\\\/\\\/dirfinex.es\\\/en#\\\/schema\\\/logo\\\/image\\\/\",\"url\":\"https:\\\/\\\/dirfinex.es\\\/wp-content\\\/uploads\\\/2024\\\/04\\\/logo-dirfinex-cabecera.png\",\"contentUrl\":\"https:\\\/\\\/dirfinex.es\\\/wp-content\\\/uploads\\\/2024\\\/04\\\/logo-dirfinex-cabecera.png\",\"width\":350,\"height\":82,\"caption\":\"Dirfinex\"},\"image\":{\"@id\":\"https:\\\/\\\/dirfinex.es\\\/en#\\\/schema\\\/logo\\\/image\\\/\"}}]}<\/script>\n<!-- \/ Yoast SEO plugin. -->","yoast_head_json":{"title":"Contact - Dirfinex","robots":{"index":"index","follow":"follow","max-snippet":"max-snippet:-1","max-image-preview":"max-image-preview:large","max-video-preview":"max-video-preview:-1"},"canonical":"https:\/\/dirfinex.es\/en\/contact","og_locale":"en_US","og_type":"article","og_title":"Contact - Dirfinex","og_description":"[vc_section full_width=&#8221;stretch_row&#8221; css=&#8221;.vc_custom_1687516081587{padding-top: 190px !important;padding-bottom: 60px !important;background-image: url(https:\/\/dirfinex.es\/wp-content\/uploads\/2023\/06\/contacto-bg-3.jpg?id=1205) !important;background-position: center !important;background-repeat: no-repeat !important;background-size: cover !important;}&#8221;][vc_row][vc_column][vc_column_text] Contact with us [\/vc_column_text][vc_column_text css=&#8221;.vc_custom_1687776873151{margin-top: 50px !important;}&#8221;] Tell us your needs, we will be happy to help you boost your business financially. [\/vc_column_text][\/vc_column][\/vc_row][\/vc_section][vc_section full_width=&#8221;stretch_row&#8221; css=&#8221;.vc_custom_1687518991868{padding-top: 80px !important;padding-bottom: 70px !important;background-image: url(https:\/\/dirfinex.es\/wp-content\/uploads\/2023\/06\/expe-bg.jpg?id=1172) !important;background-position: center !important;background-repeat: no-repeat !important;background-size: cover !important;}&#8221;][vc_row][vc_column width=&#8221;5\/12&#8243;][vc_column_text] CONTACT [\/vc_column_text][vc_column_text...","og_url":"https:\/\/dirfinex.es\/en\/contact","og_site_name":"Dirfinex","article_modified_time":"2023-09-25T14:05:35+00:00","twitter_card":"summary_large_image","twitter_misc":{"Est. reading time":"1 minute"},"schema":{"@context":"https:\/\/schema.org","@graph":[{"@type":"WebPage","@id":"https:\/\/dirfinex.es\/en\/contact","url":"https:\/\/dirfinex.es\/en\/contact","name":"Contact - Dirfinex","isPartOf":{"@id":"https:\/\/dirfinex.es\/en#website"},"datePublished":"2023-06-23T11:35:38+00:00","dateModified":"2023-09-25T14:05:35+00:00","breadcrumb":{"@id":"https:\/\/dirfinex.es\/en\/contact#breadcrumb"},"inLanguage":"en-US","potentialAction":[{"@type":"ReadAction","target":["https:\/\/dirfinex.es\/en\/contact"]}]},{"@type":"BreadcrumbList","@id":"https:\/\/dirfinex.es\/en\/contact#breadcrumb","itemListElement":[{"@type":"ListItem","position":1,"name":"Portada","item":"https:\/\/dirfinex.es\/en"},{"@type":"ListItem","position":2,"name":"Contact"}]},{"@type":"WebSite","@id":"https:\/\/dirfinex.es\/en#website","url":"https:\/\/dirfinex.es\/en","name":"Dirfinex","description":"Consultor\u00eda y Financiaci\u00f3n Estrat\u00e9gica","publisher":{"@id":"https:\/\/dirfinex.es\/en#organization"},"potentialAction":[{"@type":"SearchAction","target":{"@type":"EntryPoint","urlTemplate":"https:\/\/dirfinex.es\/en?s={search_term_string}"},"query-input":{"@type":"PropertyValueSpecification","valueRequired":true,"valueName":"search_term_string"}}],"inLanguage":"en-US"},{"@type":"Organization","@id":"https:\/\/dirfinex.es\/en#organization","name":"Dirfinex","url":"https:\/\/dirfinex.es\/en","logo":{"@type":"ImageObject","inLanguage":"en-US","@id":"https:\/\/dirfinex.es\/en#\/schema\/logo\/image\/","url":"https:\/\/dirfinex.es\/wp-content\/uploads\/2024\/04\/logo-dirfinex-cabecera.png","contentUrl":"https:\/\/dirfinex.es\/wp-content\/uploads\/2024\/04\/logo-dirfinex-cabecera.png","width":350,"height":82,"caption":"Dirfinex"},"image":{"@id":"https:\/\/dirfinex.es\/en#\/schema\/logo\/image\/"}}]}},"_links":{"self":[{"href":"https:\/\/dirfinex.es\/en\/wp-json\/wp\/v2\/pages\/1435","targetHints":{"allow":["GET"]}}],"collection":[{"href":"https:\/\/dirfinex.es\/en\/wp-json\/wp\/v2\/pages"}],"about":[{"href":"https:\/\/dirfinex.es\/en\/wp-json\/wp\/v2\/types\/page"}],"author":[{"embeddable":true,"href":"https:\/\/dirfinex.es\/en\/wp-json\/wp\/v2\/users\/5"}],"replies":[{"embeddable":true,"href":"https:\/\/dirfinex.es\/en\/wp-json\/wp\/v2\/comments?post=1435"}],"version-history":[{"count":5,"href":"https:\/\/dirfinex.es\/en\/wp-json\/wp\/v2\/pages\/1435\/revisions"}],"predecessor-version":[{"id":1535,"href":"https:\/\/dirfinex.es\/en\/wp-json\/wp\/v2\/pages\/1435\/revisions\/1535"}],"wp:attachment":[{"href":"https:\/\/dirfinex.es\/en\/wp-json\/wp\/v2\/media?parent=1435"}],"curies":[{"name":"wp","href":"https:\/\/api.w.org\/{rel}","templated":true}]}}